{"id":210,"date":"2025-10-13T20:31:26","date_gmt":"2025-10-13T20:31:26","guid":{"rendered":"https:\/\/estavillobariatrics.com\/?page_id=210"},"modified":"2026-01-28T18:07:57","modified_gmt":"2026-01-28T18:07:57","slug":"manga-gastrica","status":"publish","type":"page","link":"https:\/\/estavillobariatrics.com\/en\/manga-gastrica\/","title":{"rendered":"Gastric Sleeve"},"content":{"rendered":"<div class=\"wp-block-uagb-container uagb-block-a97f8247 alignfull uagb-is-root-container\">\n<div class=\"wp-block-uagb-container uagb-block-a24916b1\">\n<div class=\"wp-block-uagb-advanced-heading uagb-block-5a8ed232\"><h2 class=\"uagb-heading-text\">Gastric Sleeve<\/h2><\/div>\n<\/div>\n<\/div>\n\n\n\n<div style=\"height:64px\" aria-hidden=\"true\" class=\"wp-block-spacer\"><\/div>\n\n\n\n<div class=\"wp-block-uagb-container uagb-block-ad193fbd default uagb-is-root-container\">\n<div class=\"wp-block-uagb-container uagb-block-9dafed8f\">\n<div class=\"wp-block-uagb-advanced-heading uagb-block-e2981026\"><h2 class=\"uagb-heading-text\">\u00bfQu\u00e9 es la <mark style=\"background-color:#95b5f5\" class=\"has-inline-color has-base-color\"> Gastric Sleeve <\/mark>?<\/h2><\/div>\n\n\n\n<div class=\"wp-block-uagb-advanced-heading uagb-block-542ccbff\"><p class=\"uagb-heading-text\">Gastric sleeve surgery is a procedure performed using laparoscopy (minimally invasive surgery), in which the goal is to remove 80% of the stomach to achieve a restrictive effect and, at the same time, remove the area where the hunger hormone called Ghrelin is produced, thereby reducing appetite.<br><br>It works very well to achieve a loss of 70 to 80% of excess weight.<\/p><\/div>\n<\/div>\n\n\n\n<div class=\"wp-block-uagb-container uagb-block-3bce91d0\">\n<div class=\"wp-block-uagb-image aligncenter uagb-block-64ce49a7 wp-block-uagb-image--layout-default wp-block-uagb-image--effect-static wp-block-uagb-image--align-center\"><figure class=\"wp-block-uagb-image__figure\"><img decoding=\"async\" srcset=\"https:\/\/estavillobariatrics.com\/wp-content\/uploads\/2025\/10\/manga-g.webp ,https:\/\/estavillobariatrics.com\/wp-content\/uploads\/2025\/10\/manga-g.webp 780w, https:\/\/estavillobariatrics.com\/wp-content\/uploads\/2025\/10\/manga-g.webp 360w\" sizes=\"auto, (max-width: 480px) 150px\" src=\"https:\/\/estavillobariatrics.com\/wp-content\/uploads\/2025\/10\/manga-g.webp\" alt=\"\" class=\"uag-image-212\" width=\"350\" height=\"355\" title=\"\" loading=\"lazy\" role=\"img\"\/><\/figure><\/div>\n<\/div>\n\n\n\n<div class=\"wp-block-uagb-container uagb-block-8bec35c1\">\n<div class=\"wp-block-uagb-advanced-heading uagb-block-5b020c3e\"><h2 class=\"uagb-heading-text\">How does it work?<\/h2><\/div>\n\n\n\n<div class=\"wp-block-uagb-advanced-heading uagb-block-24681ffc\"><div class=\"uagb-separator\"><\/div><h3 class=\"uagb-heading-text\">Reduced capacity:<\/h3><\/div>\n\n\n\n<div class=\"wp-block-uagb-advanced-heading uagb-block-404a8e53\"><p class=\"uagb-heading-text\">This smaller stomach allows you to feel full more quickly, which creates a lasting sensation of satiety<br>smaller portions.<\/p><\/div>\n\n\n\n<div class=\"wp-block-uagb-advanced-heading uagb-block-52711604\"><div class=\"uagb-separator\"><\/div><h3 class=\"uagb-heading-text\">Appetite reduction (hunger):<\/h3><\/div>\n\n\n\n<div class=\"wp-block-uagb-advanced-heading uagb-block-e81c4306\"><p class=\"uagb-heading-text\">By removing the fundus of the stomach where ghrelin, a hormone associated with hunger, is produced. It is produced<br>a decrease in appetite.<\/p><\/div>\n\n\n\n<div class=\"wp-block-uagb-advanced-heading uagb-block-7f18ddff\"><div class=\"uagb-separator\"><\/div><h3 class=\"uagb-heading-text\">Metabolic function:<\/h3><\/div>\n\n\n\n<div class=\"wp-block-uagb-advanced-heading uagb-block-ad63a7a8\"><p class=\"uagb-heading-text\">The new size will cause a rapid emptying of the stomach, triggering a cascade of hormones that improve insulin production and absorption, enhancing metabolism in the long term.<br><br>It can also help improve or even resolve conditions related to obesity.<br><br>You will experience improvements or remission of obesity-related diseases, such as type 2 diabetes, hypertension, sleep apnea, among others.<\/p><\/div>\n<\/div>\n<\/div>\n\n\n\n<div style=\"height:64px\" aria-hidden=\"true\" class=\"wp-block-spacer\"><\/div>\n\n\n\n<p><\/p>","protected":false},"excerpt":{"rendered":"<p>Manga G\u00e1strica \u00bfQu\u00e9 es la Manga G\u00e1strica ? La manga g\u00e1strica es un procedimiento que se realiza mediante Laparoscopia (cirug\u00eda de m\u00ednima invasi\u00f3n), en la que el objetivo es retirar el 80% del est\u00f3mago para conseguir un efecto restrictivo y a su vez retirar la zona donde se producen la hormona del hambre llamada Ghrelina [&hellip;]<\/p>","protected":false},"author":1,"featured_media":0,"parent":0,"menu_order":0,"comment_status":"closed","ping_status":"closed","template":"","meta":{"_uag_custom_page_level_css":"","footnotes":""},"class_list":["post-210","page","type-page","status-publish","hentry"],"uagb_featured_image_src":{"full":false,"thumbnail":false,"medium":false,"medium_large":false,"large":false,"1536x1536":false,"2048x2048":false,"trp-custom-language-flag":false},"uagb_author_info":{"display_name":"admin","author_link":"https:\/\/estavillobariatrics.com\/en\/author\/webmaster\/"},"uagb_comment_info":0,"uagb_excerpt":"Manga G\u00e1strica \u00bfQu\u00e9 es la Manga G\u00e1strica ? La manga g\u00e1strica es un procedimiento que se realiza mediante Laparoscopia (cirug\u00eda de m\u00ednima invasi\u00f3n), en la que el objetivo es retirar el 80% del est\u00f3mago para conseguir un efecto restrictivo y a su vez retirar la zona donde se producen la hormona del hambre llamada Ghrelina&hellip;","_links":{"self":[{"href":"https:\/\/estavillobariatrics.com\/en\/wp-json\/wp\/v2\/pages\/210","targetHints":{"allow":["GET"]}}],"collection":[{"href":"https:\/\/estavillobariatrics.com\/en\/wp-json\/wp\/v2\/pages"}],"about":[{"href":"https:\/\/estavillobariatrics.com\/en\/wp-json\/wp\/v2\/types\/page"}],"author":[{"embeddable":true,"href":"https:\/\/estavillobariatrics.com\/en\/wp-json\/wp\/v2\/users\/1"}],"replies":[{"embeddable":true,"href":"https:\/\/estavillobariatrics.com\/en\/wp-json\/wp\/v2\/comments?post=210"}],"version-history":[{"count":1,"href":"https:\/\/estavillobariatrics.com\/en\/wp-json\/wp\/v2\/pages\/210\/revisions"}],"predecessor-version":[{"id":340,"href":"https:\/\/estavillobariatrics.com\/en\/wp-json\/wp\/v2\/pages\/210\/revisions\/340"}],"wp:attachment":[{"href":"https:\/\/estavillobariatrics.com\/en\/wp-json\/wp\/v2\/media?parent=210"}],"curies":[{"name":"wp","href":"https:\/\/api.w.org\/{rel}","templated":true}]}}