{"id":214,"date":"2025-10-13T20:42:31","date_gmt":"2025-10-13T20:42:31","guid":{"rendered":"https:\/\/estavillobariatrics.com\/?page_id=214"},"modified":"2025-10-13T20:43:26","modified_gmt":"2025-10-13T20:43:26","slug":"minibypass","status":"publish","type":"page","link":"https:\/\/estavillobariatrics.com\/en\/minibypass\/","title":{"rendered":"Minibypass"},"content":{"rendered":"<div class=\"wp-block-uagb-container uagb-block-a97f8247 alignfull uagb-is-root-container\">\n<div class=\"wp-block-uagb-container uagb-block-a24916b1\">\n<div class=\"wp-block-uagb-advanced-heading uagb-block-5a8ed232\"><h2 class=\"uagb-heading-text\">Minibypass<\/h2><\/div>\n<\/div>\n<\/div>\n\n\n\n<div style=\"height:64px\" aria-hidden=\"true\" class=\"wp-block-spacer\"><\/div>\n\n\n\n<div class=\"wp-block-uagb-container uagb-block-ad193fbd default uagb-is-root-container\">\n<div class=\"wp-block-uagb-container uagb-block-9dafed8f\">\n<div class=\"wp-block-uagb-advanced-heading uagb-block-e2981026\"><h2 class=\"uagb-heading-text\">What is <mark style=\"background-color:#95b5f5\" class=\"has-inline-color has-base-color\"> Minibypass <\/mark>?<\/h2><\/div>\n\n\n\n<div class=\"wp-block-uagb-advanced-heading uagb-block-542ccbff\"><p class=\"uagb-heading-text\"><strong>LOSE UP TO 85% OF EXCESS WEIGHT<br><\/strong><br>Minigastric bypass surgery (MGB), also known as single-anastomosis gastric bypass, is a type of weight loss surgery that shares similarities with traditional gastric bypass, but involves a simplified and potentially less invasive approach.<\/p><\/div>\n<\/div>\n\n\n\n<div class=\"wp-block-uagb-container uagb-block-3bce91d0\">\n<div class=\"wp-block-uagb-image aligncenter uagb-block-64ce49a7 wp-block-uagb-image--layout-default wp-block-uagb-image--effect-static wp-block-uagb-image--align-center\"><figure class=\"wp-block-uagb-image__figure\"><\/figure><\/div>\n<\/div>\n\n\n\n<div class=\"wp-block-uagb-container uagb-block-8bec35c1\">\n<div class=\"wp-block-uagb-advanced-heading uagb-block-5b020c3e\"><h2 class=\"uagb-heading-text\">How does it work?<\/h2><\/div>\n\n\n\n<div class=\"wp-block-uagb-advanced-heading uagb-block-24681ffc\"><div class=\"uagb-separator\"><\/div><h3 class=\"uagb-heading-text\">We make the stomach smaller:<\/h3><\/div>\n\n\n\n<div class=\"wp-block-uagb-advanced-heading uagb-block-404a8e53\"><p class=\"uagb-heading-text\">Imagine that your stomach is like a big bag. In the surgery, we turn it into a much smaller pouch. This way, when you eat, you get full faster and eat less.<\/p><\/div>\n\n\n\n<div class=\"wp-block-uagb-advanced-heading uagb-block-52711604\"><div class=\"uagb-separator\"><\/div><h3 class=\"uagb-heading-text\">We change the path that food takes:<\/h3><\/div>\n\n\n\n<div class=\"wp-block-uagb-advanced-heading uagb-block-e81c4306\"><p class=\"uagb-heading-text\">Then, we connect that little stomach pouch directly to a later part of the intestine. <br><br>With this, food spends less time in contact with the part of the intestine that absorbs calories and fats.<br><br>That means you absorb fewer calories and sugar, which helps with weight loss and improves conditions like diabetes.<\/p><\/div>\n\n\n\n<div class=\"wp-block-uagb-advanced-heading uagb-block-7f18ddff\"><div class=\"uagb-separator\"><\/div><h3 class=\"uagb-heading-text\">Weight loss mechanism:<\/h3><\/div>\n\n\n\n<ol class=\"wp-block-list is-style-checkmark-list\">\n<li style=\"font-size:clamp(14px, 0.875rem + ((1vw - 3.2px) * 0.196), 16px);\">Reducing the size of the stomach makes you eat less because you feel full sooner.<\/li>\n\n\n\n<li style=\"font-size:clamp(14px, 0.875rem + ((1vw - 3.2px) * 0.196), 16px);\">Hypoabsorption that causes your body to absorb fewer calories.<\/li>\n\n\n\n<li style=\"font-size:clamp(14px, 0.875rem + ((1vw - 3.2px) * 0.196), 16px);\">Hormonal Changes.<br><br>a. When food reaches the lower part of the intestine more quickly, the body produces hormones that:\n<ul class=\"wp-block-list\">\n<li style=\"font-size:clamp(14px, 0.875rem + ((1vw - 3.2px) * 0.196), 16px);\">They help control blood sugar (which is why it improves diabetes).<\/li>\n\n\n\n<li style=\"font-size:clamp(14px, 0.875rem + ((1vw - 3.2px) * 0.196), 16px);\">They reduce hunger (lower the appetite hormone called ghrelin).<\/li>\n\n\n\n<li>They improve metabolism and fat burning.<\/li>\n<\/ul>\n<\/li>\n<\/ol>\n\n\n\n<div class=\"wp-block-uagb-advanced-heading uagb-block-d63fdc0a\"><p class=\"uagb-heading-text\">That's why you not only lose weight: it also improves diabetes, blood pressure, cholesterol, and all related diseases, that is, your overall metabolism.<\/p><\/div>\n<\/div>\n<\/div>\n\n\n\n<div style=\"height:64px\" aria-hidden=\"true\" class=\"wp-block-spacer\"><\/div>","protected":false},"excerpt":{"rendered":"<p>Minibypass \u00bfQu\u00e9 es el Minibypass ? DESH\u00c1GASE DE HASTA EL 85% DEL EXCESO DE PESOLa cirug\u00eda de minibypass g\u00e1strico (MGB), tambi\u00e9n conocida como bypass g\u00e1strico de una anastomosis, es un tipo de cirug\u00eda para bajar de peso que comparte similitudes con el bypass g\u00e1strico tradicional, pero implica un enfoque simplificado y potencialmente menos invasivo. \u00bfC\u00f3mo [&hellip;]<\/p>","protected":false},"author":1,"featured_media":0,"parent":0,"menu_order":0,"comment_status":"closed","ping_status":"closed","template":"","meta":{"_uag_custom_page_level_css":"","footnotes":""},"class_list":["post-214","page","type-page","status-publish","hentry"],"uagb_featured_image_src":{"full":false,"thumbnail":false,"medium":false,"medium_large":false,"large":false,"1536x1536":false,"2048x2048":false,"trp-custom-language-flag":false},"uagb_author_info":{"display_name":"admin","author_link":"https:\/\/estavillobariatrics.com\/en\/author\/webmaster\/"},"uagb_comment_info":0,"uagb_excerpt":"Minibypass \u00bfQu\u00e9 es el Minibypass ? DESH\u00c1GASE DE HASTA EL 85% DEL EXCESO DE PESOLa cirug\u00eda de minibypass g\u00e1strico (MGB), tambi\u00e9n conocida como bypass g\u00e1strico de una anastomosis, es un tipo de cirug\u00eda para bajar de peso que comparte similitudes con el bypass g\u00e1strico tradicional, pero implica un enfoque simplificado y potencialmente menos invasivo. \u00bfC\u00f3mo&hellip;","_links":{"self":[{"href":"https:\/\/estavillobariatrics.com\/en\/wp-json\/wp\/v2\/pages\/214","targetHints":{"allow":["GET"]}}],"collection":[{"href":"https:\/\/estavillobariatrics.com\/en\/wp-json\/wp\/v2\/pages"}],"about":[{"href":"https:\/\/estavillobariatrics.com\/en\/wp-json\/wp\/v2\/types\/page"}],"author":[{"embeddable":true,"href":"https:\/\/estavillobariatrics.com\/en\/wp-json\/wp\/v2\/users\/1"}],"replies":[{"embeddable":true,"href":"https:\/\/estavillobariatrics.com\/en\/wp-json\/wp\/v2\/comments?post=214"}],"version-history":[{"count":0,"href":"https:\/\/estavillobariatrics.com\/en\/wp-json\/wp\/v2\/pages\/214\/revisions"}],"wp:attachment":[{"href":"https:\/\/estavillobariatrics.com\/en\/wp-json\/wp\/v2\/media?parent=214"}],"curies":[{"name":"wp","href":"https:\/\/api.w.org\/{rel}","templated":true}]}}