{"id":217,"date":"2025-10-13T20:49:40","date_gmt":"2025-10-13T20:49:40","guid":{"rendered":"https:\/\/estavillobariatrics.com\/?page_id=217"},"modified":"2025-10-13T20:49:40","modified_gmt":"2025-10-13T20:49:40","slug":"bypass-gastrico","status":"publish","type":"page","link":"https:\/\/estavillobariatrics.com\/en\/bypass-gastrico\/","title":{"rendered":"Gastric Bypass"},"content":{"rendered":"<div class=\"wp-block-uagb-container uagb-block-a97f8247 alignfull uagb-is-root-container\">\n<div class=\"wp-block-uagb-container uagb-block-a24916b1\">\n<div class=\"wp-block-uagb-advanced-heading uagb-block-5a8ed232\"><h2 class=\"uagb-heading-text\">Roux-en-Y Gastric Bypass<\/h2><\/div>\n<\/div>\n<\/div>\n\n\n\n<div style=\"height:64px\" aria-hidden=\"true\" class=\"wp-block-spacer\"><\/div>\n\n\n\n<div class=\"wp-block-uagb-container uagb-block-ad193fbd default uagb-is-root-container\">\n<div class=\"wp-block-uagb-container uagb-block-9dafed8f\">\n<div class=\"wp-block-uagb-advanced-heading uagb-block-e2981026\"><h2 class=\"uagb-heading-text\">What is <mark style=\"background-color:#95b5f5\" class=\"has-inline-color has-base-color\">Roux-en-Y Gastric Bypass<\/mark>?<\/h2><\/div>\n\n\n\n<div class=\"wp-block-uagb-advanced-heading uagb-block-542ccbff\"><p class=\"uagb-heading-text\">Roux-en-Y gastric bypass (RYGB) is a well-known and effective weight loss surgery that involves both restrictive and malabsorptive components.<br><br>This procedure has been proven to be successful in helping people achieve significant and sustained weight loss.<\/p><\/div>\n<\/div>\n\n\n\n<div class=\"wp-block-uagb-container uagb-block-3bce91d0\">\n<div class=\"wp-block-uagb-image aligncenter uagb-block-64ce49a7 wp-block-uagb-image--layout-default wp-block-uagb-image--effect-static wp-block-uagb-image--align-center\"><figure class=\"wp-block-uagb-image__figure\"><\/figure><\/div>\n<\/div>\n\n\n\n<div class=\"wp-block-uagb-container uagb-block-8bec35c1\">\n<div class=\"wp-block-uagb-advanced-heading uagb-block-5b020c3e\"><h2 class=\"uagb-heading-text\">How does it work?<\/h2><\/div>\n\n\n\n<div class=\"wp-block-uagb-advanced-heading uagb-block-1f795267\"><p class=\"uagb-heading-text\">In this surgery, we do three main things:<\/p><\/div>\n\n\n\n<div class=\"wp-block-uagb-advanced-heading uagb-block-24681ffc\"><div class=\"uagb-separator\"><\/div><h3 class=\"uagb-heading-text\">Smaller stomach:<\/h3><\/div>\n\n\n\n<div class=\"wp-block-uagb-advanced-heading uagb-block-404a8e53\"><p class=\"uagb-heading-text\">We take your large stomach and turn it into a small one. That way, you eat less and get full faster.<\/p><\/div>\n\n\n\n<div class=\"wp-block-uagb-advanced-heading uagb-block-52711604\"><div class=\"uagb-separator\"><\/div><h3 class=\"uagb-heading-text\">New path for food:<\/h3><\/div>\n\n\n\n<div class=\"wp-block-uagb-advanced-heading uagb-block-e81c4306\"><p class=\"uagb-heading-text\">We connect that small stomach directly to a later part of the intestine.<br>The food no longer passes through the entire stomach or the first part of the intestine, which is why you absorb fewer calories and fats.<\/p><\/div>\n\n\n\n<div class=\"wp-block-uagb-advanced-heading uagb-block-7f18ddff\"><div class=\"uagb-separator\"><\/div><h3 class=\"uagb-heading-text\">We connected the first part of the intestine in a Y to the new connection that was made from the intestine to the stomach<\/h3><\/div>\n\n\n\n<div class=\"wp-block-uagb-advanced-heading uagb-block-ad63a7a8\"><p class=\"uagb-heading-text\">This will allow the proper progression of digestive enzymes such as bile, lipase, amylase, among others.<\/p><\/div>\n\n\n\n<div style=\"height:38px\" aria-hidden=\"true\" class=\"wp-block-spacer\"><\/div>\n\n\n\n<div class=\"wp-block-uagb-advanced-heading uagb-block-d63fdc0a\"><p class=\"uagb-heading-text\">This way, you lose weight because you eat less, absorb fewer calories, and your body also changes its hormones to regulate sugar and hunger.<\/p><\/div>\n\n\n\n<div class=\"wp-block-uagb-advanced-heading uagb-block-7daf7802\"><div class=\"uagb-separator\"><\/div><h3 class=\"uagb-heading-text\">Weight loss mechanism<\/h3><\/div>\n\n\n\n<ol class=\"wp-block-list\">\n<li style=\"font-size:clamp(14px, 0.875rem + ((1vw - 3.2px) * 0.196), 16px);\"><strong>Restriction:<\/strong> You eat less because your stomach is smaller.<\/li>\n\n\n\n<li style=\"font-size:clamp(14px, 0.875rem + ((1vw - 3.2px) * 0.196), 16px);\"><strong>Hypo absorption: <\/strong>You absorb fewer calories because part of the intestine is bypassed from the normal path of food.<\/li>\n\n\n\n<li style=\"font-size:clamp(14px, 0.875rem + ((1vw - 3.2px) * 0.196), 16px);\"><strong>Hormonal changes:<\/strong> When food reaches the intestines faster, your body produces hormones that:\n<ul class=\"wp-block-list\">\n<li style=\"font-size:clamp(14px, 0.875rem + ((1vw - 3.2px) * 0.196), 16px);\">They improve diabetes and metabolism.<\/li>\n\n\n\n<li>They decrease the feeling of hunger.<\/li>\n<\/ul>\n<\/li>\n<\/ol>\n\n\n\n<div class=\"wp-block-uagb-advanced-heading uagb-block-517a937f\"><p class=\"uagb-heading-text\">This way, you lose weight because you eat less, absorb fewer calories, and your body also changes its hormones to regulate sugar and hunger.<\/p><\/div>\n<\/div>\n<\/div>\n\n\n\n<div style=\"height:64px\" aria-hidden=\"true\" class=\"wp-block-spacer\"><\/div>","protected":false},"excerpt":{"rendered":"<p>ByPass G\u00e1strico en Y de Roux \u00bfQu\u00e9 es el By Pass g\u00e1strico en y de Roux? El bypass g\u00e1strico en Y de Roux (RYGB) es una cirug\u00eda de p\u00e9rdida de peso conocida y efectiva que involucra componentes tanto restrictivos como hipoabsortivos. Este procedimiento ha demostrado ser exitoso para ayudar a las personas a lograr una [&hellip;]<\/p>","protected":false},"author":1,"featured_media":0,"parent":0,"menu_order":0,"comment_status":"closed","ping_status":"closed","template":"","meta":{"_uag_custom_page_level_css":"","footnotes":""},"class_list":["post-217","page","type-page","status-publish","hentry"],"uagb_featured_image_src":{"full":false,"thumbnail":false,"medium":false,"medium_large":false,"large":false,"1536x1536":false,"2048x2048":false,"trp-custom-language-flag":false},"uagb_author_info":{"display_name":"admin","author_link":"https:\/\/estavillobariatrics.com\/en\/author\/webmaster\/"},"uagb_comment_info":0,"uagb_excerpt":"ByPass G\u00e1strico en Y de Roux \u00bfQu\u00e9 es el By Pass g\u00e1strico en y de Roux? El bypass g\u00e1strico en Y de Roux (RYGB) es una cirug\u00eda de p\u00e9rdida de peso conocida y efectiva que involucra componentes tanto restrictivos como hipoabsortivos. Este procedimiento ha demostrado ser exitoso para ayudar a las personas a lograr una&hellip;","_links":{"self":[{"href":"https:\/\/estavillobariatrics.com\/en\/wp-json\/wp\/v2\/pages\/217","targetHints":{"allow":["GET"]}}],"collection":[{"href":"https:\/\/estavillobariatrics.com\/en\/wp-json\/wp\/v2\/pages"}],"about":[{"href":"https:\/\/estavillobariatrics.com\/en\/wp-json\/wp\/v2\/types\/page"}],"author":[{"embeddable":true,"href":"https:\/\/estavillobariatrics.com\/en\/wp-json\/wp\/v2\/users\/1"}],"replies":[{"embeddable":true,"href":"https:\/\/estavillobariatrics.com\/en\/wp-json\/wp\/v2\/comments?post=217"}],"version-history":[{"count":0,"href":"https:\/\/estavillobariatrics.com\/en\/wp-json\/wp\/v2\/pages\/217\/revisions"}],"wp:attachment":[{"href":"https:\/\/estavillobariatrics.com\/en\/wp-json\/wp\/v2\/media?parent=217"}],"curies":[{"name":"wp","href":"https:\/\/api.w.org\/{rel}","templated":true}]}}